{"id":21,"date":"2013-07-22T16:19:45","date_gmt":"2013-07-22T14:19:45","guid":{"rendered":"http:\/\/vozcomoarma.noblogs.org\/?page_id=21"},"modified":"2013-08-10T12:39:04","modified_gmt":"2013-08-10T10:39:04","slug":"libros-y-textos-recomendados","status":"publish","type":"page","link":"https:\/\/vozcomoarma.noblogs.org\/?page_id=21","title":{"rendered":"Libros y lecturas recomendadas"},"content":{"rendered":"<p style=\"text-align: justify\">Lo que se presenta a continuaci\u00f3n es una lista de textos, libros, fanzines y dem\u00e1s documentos cuyo contenido considero de inter\u00e9s y recomiendo consultar. La lista estar\u00e1 en constante actualizaci\u00f3n, y se aceptan (y agradecen) sugerencias que pod\u00e1is hacer de t\u00edtulos que a\u00f1adir.<\/p>\n<p><a href=\"http:\/\/www.kclibertaria.comyr.com\/lpdf\/l078.pdf\">12 pruebas de la inexistencia de Dios &#8211; Sebastian Faure<\/a><\/p>\n<p><a href=\"http:\/\/www.hacer.org\/pdf\/1984.pdf\">1984 &#8211; G. Orwell<\/a><\/p>\n<p><a href=\"http:\/\/flag.blackened.net\/pdg\/textos\/textos\/ai_ferri_corti.htm\">Anarquismo: Lo que significa realmente &#8211; Emma Goldman<\/a><\/p>\n<p><a href=\"http:\/\/bardoediciones.net\/pdf\/anna.pdf\">Anna y las otras <\/a><\/p>\n<p><a href=\"http:\/\/www.resistenciavegana.es\/descargas\/Libros\/Armarse%20Sobre%20Las%20Ruinas\/armarse_sobre_las_ruinas_completo.pdf\">Armarse sobre las ruinas: Historia del movimiento social aut\u00f3nomo en Madrid<br \/>\n<\/a><\/p>\n<p><a href=\"http:\/\/www.nodo50.org\/ellibertario\/PDF\/AutodefensaparaMujeres.pdf\">Autodefensa para mujeres<\/a><\/p>\n<p><a href=\"http:\/\/www.sindominio.net\/~fide\/ediciones\/floresyvallas.htm\">Barcelona: Entre vallas y flores &#8211; Miguel Amor\u00f3s<\/a><\/p>\n<p><a href=\"http:\/\/flag.blackened.net\/pdg\/textos\/textos\/legalizacion.htm\">Contra la legalizaci\u00f3n de los espacios okupados<\/a><\/p>\n<p><a href=\"http:\/\/www.13t.org\/decondicionamiento\/wikiarticulos\/index.php?title=John_Zerzan_:_Corriendo_sobre_el_Vac%C3%ADo\">Corriendo sobre el vac\u00edo &#8211; John Zerzan<\/a><\/p>\n<p><a href=\"http:\/\/infoxica2.files.wordpress.com\/2009\/11\/1-2-cuaderno-del-okupa-sevillapdf.pdf\">Cuaderno del okupa<\/a><\/p>\n<p><a href=\"https:\/\/docs.google.com\/file\/d\/0B77zcuh1UjuIRkItTkhJNFFwbUk\/edit?usp=sharing\">Cuando cae la noche&#8230; Una gu\u00eda para la acci\u00f3n directa por la liberaci\u00f3n animal<br \/>\n<\/a><\/p>\n<p><a href=\"http:\/\/manueldelgadoruiz.blogspot.ch\/2011\/09\/cuando-la-rabia-prende-memd.html\">Cuando la rabia prende&#8230;<\/a><\/p>\n<p><a href=\"http:\/\/flag.blackened.net\/pdg\/textos\/textos\/cuestiones_de_organizacion.htm\">Cuestiones de organizaci\u00f3n: 31 tesis insurreccionalistas<\/a><\/p>\n<p><a href=\"http:\/\/www.nodo50.org\/albesos\/uploads\/textos\/noviolencia.pdf\">C\u00f3mo la No-Violencia protege al Estado &#8211; Peter Gelderloos<\/a><\/p>\n<p><a href=\"http:\/\/www.sindominio.net\/ash\/salvaje.htm\">De la huelga salvaje a la auto-gesti\u00f3n generalizada &#8211; Raoul Vaneigem<\/a><\/p>\n<p><a href=\"http:\/\/www.nodo50.org\/ellibertario\/descargas\/De%20proletario%20a%20individuo.txt\">De proletarix a individux: Hacia una comprensi\u00f3n anarquista de la clase<\/a><\/p>\n<p><a href=\"http:\/\/www.hommodolars.org\/web\/spip.php?article2299\">Del sabotaje como una de las m\u00e1s bellas artes<\/a><\/p>\n<p><a href=\"http:\/\/www.editorialklinamen.net\/wp-content\/uploads\/2012\/10\/klinamen_carceles_belgica.pdf\">Dentro Contra Fuera: Agitaci\u00f3n dentro y fuera de las c\u00e1rceles belgas<\/a><\/p>\n<p><a href=\"http:\/\/www.resistenciavegana.es\/descargas\/Libros\/Diario%20e%20ideario%20de%20un%20delincuente\/Diario%20e%20ideario%20de%20un%20delincuente.pdf\">Diario e ideario de un delincuente &#8211; Gabriel Pombo da Silva<\/a><\/p>\n<p><a href=\"http:\/\/www.prodeni.org\/Documentos%20pdf\/Dossier%20sobre%20el%20uso%20de%20psicofarmacos%20en%20centros%20de%20menores.pdf\">Dossier Con psicof\u00e1rmacos no se educa &#8211; Colectivo Txinorris<\/a><\/p>\n<p><a href=\"http:\/\/www.sindominio.net\/~fide\/ediciones\/drogas.htm\">Drogas: Cuando el uso de la droga se convierte en consumo y el tiempo de ocio en mercanc\u00eda<\/a><\/p>\n<p><a href=\"https:\/\/docs.google.com\/file\/d\/0B77zcuh1UjuIelRHaHBOWWcwOHc\/edit?usp=sharing\">Drogas, \u00bfUna opci\u00f3n personal?<\/a><\/p>\n<p><a href=\"https:\/\/docs.google.com\/file\/d\/0B77zcuh1UjuIZHJUYkZ3V1lXSE0\/edit\">Donde habita el olvido: Reflexiones sobre ciudad, progreso y represi\u00f3n \/ El urbanismo en la Internacional Situacionista<\/a><\/p>\n<p><a href=\"http:\/\/www.kclibertaria.comyr.com\/lpdf\/l021.pdf\">El ABC del comunismo libertario &#8211; Alexander Berkman<\/a><\/p>\n<p><a href=\"http:\/\/flag.blackened.net\/pdg\/textos\/textos\/antifascismo.htm\">El antifascismo como forma de adhesi\u00f3n al sistema &#8211; El \u00faltimo de Filipinas<\/a><\/p>\n<p><a href=\"http:\/\/www.kclibertaria.comyr.com\/lpdf\/l028.pdf\">El apoyo mutuo &#8211; Kropotkin<\/a><\/p>\n<p><a href=\"http:\/\/elfrentenegro.blogspot.com\/2009\/03\/el-crepusculo-de-las-maquinas-por-john.html\">El crep\u00fasculo de las m\u00e1quinas &#8211; John Zerzan<\/a><\/p>\n<p><a href=\"https:\/\/docs.google.com\/file\/d\/0B77zcuh1UjuIdGQzVG51RmJkdUE\/edit\">El giro escatol\u00f3gico &#8211; La reacci\u00f3n en la cr\u00edtica de F\u00e9lix Rodrigo Mora<\/a><\/p>\n<p><a href=\"http:\/\/reflexionrevuelta.wordpress.com\/2010\/02\/03\/willful-disobedience-el-resurgir-de-los-barbaros-una-revuelta-no-primitivista-contra-la-civilizacion\/\">El resurgir de lxs b\u00e1rbarxs &#8211; Una revuelta no primitivista contra la civilizaci\u00f3n<\/a><\/p>\n<p><a href=\"https:\/\/docs.google.com\/file\/d\/0B77zcuh1UjuINWMwck5idUZmRHc\/edit\">Espacios peligrosos: Resistencia violenta, auto-defensa y lucha insurreccionalista en contra del g\u00e9nero<\/a><\/p>\n<p><a href=\"http:\/\/bardoediciones.net\/pdf\/fuego_a_la_polvora.pdf\">Fuego a la p\u00f3lvora &#8211; Guerra y guerrilla social en Irak<\/a><\/p>\n<p><a href=\"http:\/\/zinelibrary.info\/files\/golpear.pdf\">Golpear donde duele &#8211; Ted Kaczynski<\/a><\/p>\n<p><a href=\"http:\/\/josepgardenyes.files.wordpress.com\/2012\/10\/tension-antisocial.pdf\">Guerra social, tensi\u00f3n antisocial<\/a><\/p>\n<p><a href=\"http:\/\/distribuidorapeligrosidadsocial.files.wordpress.com\/2011\/11\/100-hacia-la-insurreccic3b3n-mc3a1s-queer.pdf\">Hacia la insurrecci\u00f3n m\u00e1s queer<\/a><\/p>\n<p><a href=\"http:\/\/www.rebelion.org\/docs\/127675.pdf\">Huye hombre, huye: Diario de un preso F.I.E.S. &#8211; Xos\u00e9 Tarr\u00edo<\/a><\/p>\n<p><a href=\"http:\/\/libreriaelinsurgente.net\/files\/incontrolables.pdf\">Incontrolables: Contribuciones para un nihilismo consciente<\/a><\/p>\n<p><a href=\"https:\/\/docs.google.com\/file\/d\/0B77zcuh1UjuIVHF3d3VwWTA5eUE\/edit\">Introducci\u00f3n a la experimentaci\u00f3n animal &#8211; Asamblea Antiespecista de Madrid<\/a><\/p>\n<p><a href=\"http:\/\/www.nodo50.org\/ellibertario\/descargas\/La%20Abolici%C3%B3n%20Del%20Trabajo.txt\">La abolici\u00f3n del trabajo &#8211; Bob Black<\/a><\/p>\n<p><a href=\"http:\/\/es.contrainfo.espiv.net\/files\/2013\/01\/la-carcel-y-su-mundo-passamani.pdf\">La c\u00e1rcel y su mundo: Reflexiones para una sociedad sin jaulas &#8211; Massimo Passamani<\/a><\/p>\n<p><a href=\"http:\/\/www.editorialklinamen.net\/wp-content\/uploads\/2012\/10\/klinamen_Colera_del_suburvio.pdf\">La c\u00f3lera del suburbio &#8211; Miguel Amor\u00f3s<\/a><\/p>\n<p><a href=\"http:\/\/zinelibrary.info\/files\/deponer_su_jefe3.pdf\">La gu\u00eda del trabajador para la acci\u00f3n directa<\/a><\/p>\n<p><a href=\"http:\/\/www.klinamen.org\/textos\/okupa_subversiva.pdf\">La okupaci\u00f3n como herramienta subversiva<\/a><\/p>\n<p><a href=\"https:\/\/docs.google.com\/file\/d\/0B77zcuh1UjuIVEZRZnExMndrOTg\/edit\">La red de la Dominaci\u00f3n &#8211; Wolfi Landstreicher \/ Feral Faun<\/a><\/p>\n<p><a href=\"http:\/\/www.sindominio.net\/ecotopia\/textos\/unabomber.html\">La sociedad industrial y su futuro (Manifiesto Unabomber) &#8211; Ted Kaczynski<\/a><\/p>\n<p><a href=\"http:\/\/www.sindominio.net\/~fide\/archivo\/huelgaskganamos.htm\">Las huelgas que cuentan que ganamos: Reflexiones sobre la decadencia del movimiento obrero &#8211; Miguel Amor\u00f3s<\/a><\/p>\n<p><a href=\"http:\/\/www.resistenciavegana.es\/descargas\/Libros\/Liberacion%20Animal%20-Mas%20que%20palabras\/Liberacion%20Animal%20-Mas%20que%20palabras.pdf\">Liberaci\u00f3n animal, m\u00e1s que palabras<\/a><\/p>\n<p><a href=\"http:\/\/www.pt.indymedia.org\/sites\/pt.indymedia.org\/files\/documentos\/newswire\/lucharevolucionariaweb.pdf\">Lucha Revolucionaria: Guerrilla urbana en la metr\u00f3polis del siglo XXI<\/a><\/p>\n<p><a href=\"http:\/\/flag.blackened.net\/pdg\/textos\/textos\/los_indeseables.htm\">Lxs indeseables<\/a><\/p>\n<p><a href=\"http:\/\/www.editorialklinamen.net\/wp-content\/uploads\/2012\/10\/klinamen_maderos_cerdos.pdf\">Maderos, Cerdos, Asesinos: Cr\u00f3nica del diciembre griego<\/a><\/p>\n<p><a href=\"http:\/\/www.resistenciavegana.es\/descargas\/Libros\/Hazlo%20Tu%20Mismo\/HTM-Parte%201.pdf\">Manual de Hazlo T\u00fa Mismx &#8211; Federaci\u00f3n Anarkopunk (parte 1)<\/a><\/p>\n<p><a href=\"http:\/\/www.resistenciavegana.es\/descargas\/Libros\/Hazlo%20Tu%20Mismo\/HTM-Parte%202.pdf\">Manual de Hazlo T\u00fa Mismx &#8211; Federaci\u00f3n Anarkopunk (parte 2)<\/a><\/p>\n<p><a href=\"http:\/\/www.kclibertaria.comyr.com\/lpdf\/l090.pdf\">Muerte accidental de un anarquista &#8211; Dario Fo<\/a><\/p>\n<p><a href=\"http:\/\/www.kclibertaria.comyr.com\/lpdf\/l090.pdf\">M\u00e1s all\u00e1 de la estructura de s\u00edntesis<\/a><\/p>\n<p><a href=\"http:\/\/flag.blackened.net\/pdg\/textos\/textos\/mas_alla_del_feminismo.htm\">M\u00e1s all\u00e1 del feminismo, m\u00e1s all\u00e1 del g\u00e9nero<\/a><\/p>\n<p><a href=\"http:\/\/www.resistenciavegana.es\/inicio\/libros\/62-no-podreis-pararnos.html\">No podr\u00e9is pararnos: La lucha anarquista revolucionaria en Italia &#8211; A. M. Bonanno<\/a><\/p>\n<p><a href=\"http:\/\/www.hommodolars.org\/web\/IMG\/pdf\/odiolasmananas.pdf\">Odio las ma\u00f1anas &#8211; Jean Marc Rouillan<\/a><\/p>\n<p><a href=\"http:\/\/www.nodo50.org\/ellibertario\/descargas\/FAQchavismo-mayo2007.txt\">Refutando a lxs sordxs: Anarquismo y chavismo hoy en Venezuela<\/a><\/p>\n<p><a href=\"http:\/\/www.kclibertaria.comyr.com\/lpdf\/l218.pdf\">Severino di Giovanni, el idealista de la violencia &#8211; Osvaldo Bayer<\/a><\/p>\n<p><a href=\"http:\/\/zinelibrary.info\/files\/Sobre%20el%20fin%20del%20pacifismo%20-%20G%C3%BCnter%20Anders.pdf\">Sobre el fin del pacifismo: Una entrevista imaginaria con G\u00fcnter Anders<\/a><\/p>\n<p><a href=\"http:\/\/personal.telefonica.terra.es\/web\/lainsurreccionalista\/pdf\/SOBRE%20LOS%20MOVIMIENTOS%20SOCIALES%20Y%20SU%20TAREA%20RECUPERADORA.pdf\">Sobre los movimientos sociales y su tarea recuperadora<\/a><\/p>\n<p><a href=\"http:\/\/www.pdfupload.net\/p.php?file=Sociedad%20tecnologica%20sociedad%20de%20masas.pdf\">Sociedad tecnol\u00f3gica, sociedad de masas &#8211; Miguel Amor\u00f3s<\/a><\/p>\n<p><a href=\"http:\/\/www.sindominio.net\/afe\/dos_mediactivismo\/un_mundo_feliz.pdf\">Un mundo feliz &#8211; Aldous Huxley<\/a><\/p>\n<p><a href=\"http:\/\/periodicoelamanecer.files.wordpress.com\/2012\/12\/lectura.pdf\">Ciudadanxs No: Desbordando al movimiento estudiantil<\/a><\/p>\n","protected":false},"excerpt":{"rendered":"<p>Lo que se presenta a continuaci\u00f3n es una lista de textos, libros, fanzines y dem\u00e1s documentos cuyo contenido considero de inter\u00e9s y recomiendo consultar. La lista estar\u00e1 en constante actualizaci\u00f3n, y se aceptan (y agradecen) sugerencias que pod\u00e1is hacer de &hellip; <a href=\"https:\/\/vozcomoarma.noblogs.org\/?page_id=21\">Sigue leyendo <span class=\"meta-nav\">&rarr;<\/span><\/a><\/p>\n","protected":false},"author":7045,"featured_media":0,"parent":0,"menu_order":0,"comment_status":"open","ping_status":"open","template":"","meta":{"footnotes":""},"class_list":["post-21","page","type-page","status-publish","hentry"],"_links":{"self":[{"href":"https:\/\/vozcomoarma.noblogs.org\/index.php?rest_route=\/wp\/v2\/pages\/21","targetHints":{"allow":["GET"]}}],"collection":[{"href":"https:\/\/vozcomoarma.noblogs.org\/index.php?rest_route=\/wp\/v2\/pages"}],"about":[{"href":"https:\/\/vozcomoarma.noblogs.org\/index.php?rest_route=\/wp\/v2\/types\/page"}],"author":[{"embeddable":true,"href":"https:\/\/vozcomoarma.noblogs.org\/index.php?rest_route=\/wp\/v2\/users\/7045"}],"replies":[{"embeddable":true,"href":"https:\/\/vozcomoarma.noblogs.org\/index.php?rest_route=%2Fwp%2Fv2%2Fcomments&post=21"}],"version-history":[{"count":4,"href":"https:\/\/vozcomoarma.noblogs.org\/index.php?rest_route=\/wp\/v2\/pages\/21\/revisions"}],"predecessor-version":[{"id":316,"href":"https:\/\/vozcomoarma.noblogs.org\/index.php?rest_route=\/wp\/v2\/pages\/21\/revisions\/316"}],"wp:attachment":[{"href":"https:\/\/vozcomoarma.noblogs.org\/index.php?rest_route=%2Fwp%2Fv2%2Fmedia&parent=21"}],"curies":[{"name":"wp","href":"https:\/\/api.w.org\/{rel}","templated":true}]}}